{"id":1643,"date":"2024-06-03T23:56:07","date_gmt":"2024-06-03T21:56:07","guid":{"rendered":"https:\/\/navigatingmethode.nl\/?page_id=1643"},"modified":"2025-10-15T02:13:51","modified_gmt":"2025-10-15T00:13:51","slug":"project-modules","status":"publish","type":"page","link":"https:\/\/navigatingmethode.nl\/index.php\/project-modules\/","title":{"rendered":"Onderdelen Project"},"content":{"rendered":"\t\t<div data-elementor-type=\"wp-page\" data-elementor-id=\"1643\" class=\"elementor elementor-1643\" data-elementor-post-type=\"page\">\n\t\t\t\t<div class=\"elementor-element elementor-element-42d1a11 e-flex e-con-boxed e-con e-parent\" data-id=\"42d1a11\" data-element_type=\"container\" data-e-type=\"container\" data-settings=\"{&quot;background_background&quot;:&quot;classic&quot;}\">\n\t\t\t\t\t<div class=\"e-con-inner\">\n\t\t<div class=\"elementor-element elementor-element-607209a e-con-full e-flex e-con e-child\" data-id=\"607209a\" data-element_type=\"container\" data-e-type=\"container\">\n\t\t\t\t<div class=\"elementor-element elementor-element-26789a0 elementor-invisible elementor-widget elementor-widget-heading\" data-id=\"26789a0\" data-element_type=\"widget\" data-e-type=\"widget\" data-settings=\"{&quot;_animation&quot;:&quot;zoomIn&quot;}\" data-widget_type=\"heading.default\">\n\t\t\t\t<div class=\"elementor-widget-container\">\n\t\t\t\t\t<h2 class=\"elementor-heading-title elementor-size-default\">wat voor iemand wil je worden?<\/h2>\t\t\t\t<\/div>\n\t\t\t\t<\/div>\n\t\t\t\t<\/div>\n\t\t\t\t\t<\/div>\n\t\t\t\t<\/div>\n\t\t<div class=\"elementor-element elementor-element-dd80b37 e-flex e-con-boxed e-con e-parent\" data-id=\"dd80b37\" data-element_type=\"container\" data-e-type=\"container\">\n\t\t\t\t\t<div class=\"e-con-inner\">\n\t\t<div class=\"elementor-element elementor-element-cc59ace e-con-full e-flex e-con e-child\" data-id=\"cc59ace\" data-element_type=\"container\" data-e-type=\"container\">\n\t\t<div class=\"elementor-element elementor-element-d410138 e-con-full e-flex e-con e-child\" data-id=\"d410138\" data-element_type=\"container\" data-e-type=\"container\">\n\t\t\t\t<div class=\"elementor-element elementor-element-979318a elementor-widget elementor-widget-menu-anchor\" data-id=\"979318a\" data-element_type=\"widget\" data-e-type=\"widget\" data-widget_type=\"menu-anchor.default\">\n\t\t\t\t<div class=\"elementor-widget-container\">\n\t\t\t\t\t\t\t<div class=\"elementor-menu-anchor\" id=\"huiswerkbegeleiding\"><\/div>\n\t\t\t\t\t\t<\/div>\n\t\t\t\t<\/div>\n\t\t\t\t<div class=\"elementor-element elementor-element-6568049 elementor-widget elementor-widget-image\" data-id=\"6568049\" data-element_type=\"widget\" data-e-type=\"widget\" data-widget_type=\"image.default\">\n\t\t\t\t<div class=\"elementor-widget-container\">\n\t\t\t\t\t\t\t\t\t\t\t\t\t\t\t<img fetchpriority=\"high\" decoding=\"async\" width=\"351\" height=\"351\" src=\"https:\/\/navigatingmethode.nl\/wp-content\/uploads\/2024\/08\/Home_teksten_persoonlijkheidsvorming.jpeg\" class=\"elementor-animation-bob attachment-full size-full wp-image-4392\" alt=\"\" srcset=\"https:\/\/navigatingmethode.nl\/wp-content\/uploads\/2024\/08\/Home_teksten_persoonlijkheidsvorming.jpeg 351w, https:\/\/navigatingmethode.nl\/wp-content\/uploads\/2024\/08\/Home_teksten_persoonlijkheidsvorming-300x300.jpeg 300w, https:\/\/navigatingmethode.nl\/wp-content\/uploads\/2024\/08\/Home_teksten_persoonlijkheidsvorming-150x150.jpeg 150w\" sizes=\"(max-width: 351px) 100vw, 351px\" \/>\t\t\t\t\t\t\t\t\t\t\t\t\t\t\t<\/div>\n\t\t\t\t<\/div>\n\t\t\t\t<\/div>\n\t\t<div class=\"elementor-element elementor-element-c05cdf7 e-flex e-con-boxed e-con e-child\" data-id=\"c05cdf7\" data-element_type=\"container\" data-e-type=\"container\">\n\t\t\t\t\t<div class=\"e-con-inner\">\n\t\t\t\t<div class=\"elementor-element elementor-element-6340d4b elementor-widget elementor-widget-heading\" data-id=\"6340d4b\" data-element_type=\"widget\" data-e-type=\"widget\" data-widget_type=\"heading.default\">\n\t\t\t\t<div class=\"elementor-widget-container\">\n\t\t\t\t\t<h2 class=\"elementor-heading-title elementor-size-default\">Navigating your life!<\/h2>\t\t\t\t<\/div>\n\t\t\t\t<\/div>\n\t\t\t\t<div class=\"elementor-element elementor-element-17e6c77 elementor-widget__width-initial elementor-widget elementor-widget-text-editor\" data-id=\"17e6c77\" data-element_type=\"widget\" data-e-type=\"widget\" data-widget_type=\"text-editor.default\">\n\t\t\t\t<div class=\"elementor-widget-container\">\n\t\t\t\t\t\t\t\t\t<p>Onze gastlessen &#8216;Navigating youre life&#8217; zijn gebaseerd op wetenschappelijke inzichten en spelen erg goed in op de ontwikkelbehoefte van jongeren rond de pubertijd. We maken ze wegwijs in het positief leren kijken naar het zelf, zelfverzekerd aangaan van contacten, bewust omgaan met persoonlijkheidsvorming, omgaan met risicovol gedrag en het ontwikkelen van een maatschappelijk verantwoordelijkheidsgevoel.\u00a0<\/p><p>Uit de enqu\u00eates blijkt dat leerlingen erg positief (voor alles een score van 7 en hoger) zijn over de inhoud, manier van over brengen, nuttigheid van onze lessen. Vrijwel alle leerlingen zou het ook sterk aan leeftijdsgenoten aanbevelen (ongeveer 3% een 6, 29,8% een 7, 27,9% een 8, 23,1% een 9, en 16,3% zelfs een 10 voor dit onderdeel). Deze cijfers tonen aan dat onze aanpak en inhoud door de leerlingen als zeer waardevol worden ervaren.<\/p>\t\t\t\t\t\t\t\t<\/div>\n\t\t\t\t<\/div>\n\t\t\t\t\t<\/div>\n\t\t\t\t<\/div>\n\t\t\t\t<\/div>\n\t\t\t\t\t<\/div>\n\t\t\t\t<\/div>\n\t\t<div class=\"elementor-element elementor-element-b90602c e-flex e-con-boxed e-con e-parent\" data-id=\"b90602c\" data-element_type=\"container\" data-e-type=\"container\" data-settings=\"{&quot;background_background&quot;:&quot;classic&quot;,&quot;shape_divider_top&quot;:&quot;opacity-tilt&quot;,&quot;shape_divider_bottom&quot;:&quot;opacity-tilt&quot;}\">\n\t\t\t\t\t<div class=\"e-con-inner\">\n\t\t\t\t<div class=\"elementor-shape elementor-shape-top\" aria-hidden=\"true\" data-negative=\"false\">\n\t\t\t<svg xmlns=\"http:\/\/www.w3.org\/2000\/svg\" viewBox=\"0 0 2600 131.1\" preserveAspectRatio=\"none\">\n\t<path class=\"elementor-shape-fill\" d=\"M0 0L2600 0 2600 69.1 0 0z\"\/>\n\t<path class=\"elementor-shape-fill\" style=\"opacity:0.5\" d=\"M0 0L2600 0 2600 69.1 0 69.1z\"\/>\n\t<path class=\"elementor-shape-fill\" style=\"opacity:0.25\" d=\"M2600 0L0 0 0 130.1 2600 69.1z\"\/>\n<\/svg>\t\t<\/div>\n\t\t\t\t<div class=\"elementor-shape elementor-shape-bottom\" aria-hidden=\"true\" data-negative=\"false\">\n\t\t\t<svg xmlns=\"http:\/\/www.w3.org\/2000\/svg\" viewBox=\"0 0 2600 131.1\" preserveAspectRatio=\"none\">\n\t<path class=\"elementor-shape-fill\" d=\"M0 0L2600 0 2600 69.1 0 0z\"\/>\n\t<path class=\"elementor-shape-fill\" style=\"opacity:0.5\" d=\"M0 0L2600 0 2600 69.1 0 69.1z\"\/>\n\t<path class=\"elementor-shape-fill\" style=\"opacity:0.25\" d=\"M2600 0L0 0 0 130.1 2600 69.1z\"\/>\n<\/svg>\t\t<\/div>\n\t\t<div class=\"elementor-element elementor-element-27254a9 e-con-full e-flex e-con e-child\" data-id=\"27254a9\" data-element_type=\"container\" data-e-type=\"container\">\n\t\t\t\t<div class=\"elementor-element elementor-element-b86cde4 elementor-widget elementor-widget-heading\" data-id=\"b86cde4\" data-element_type=\"widget\" data-e-type=\"widget\" data-widget_type=\"heading.default\">\n\t\t\t\t<div class=\"elementor-widget-container\">\n\t\t\t\t\t<h2 class=\"elementor-heading-title elementor-size-default\"><h2>Huiswerkbegeleiding<span><\/span><\/h2><\/h2>\t\t\t\t<\/div>\n\t\t\t\t<\/div>\n\t\t\t\t<div class=\"elementor-element elementor-element-8015c63 elementor-widget elementor-widget-text-editor\" data-id=\"8015c63\" data-element_type=\"widget\" data-e-type=\"widget\" data-widget_type=\"text-editor.default\">\n\t\t\t\t<div class=\"elementor-widget-container\">\n\t\t\t\t\t\t\t\t\t<div class=\"content user-select-text\" tabindex=\"0\" role=\"heading\" aria-level=\"6\" aria-description=\"\" aria-label=\"Verzonden door Copilot: Natuurlijk, hier is een korte tekst over de positieve invloed van ouderbetrokkenheid op het schoolsucces en het succes in het leven van hun kinderen: Ouderbetrokkenheid speelt een cruciale rol in de academische en levenslange prestaties van kinderen. Wanneer ouders actief betrokken zijn bij het onderwijs van hun kinderen, kunnen ze een positieve en blijvende impact hebben. Ten eerste kan ouderbetrokkenheid leiden tot betere schoolprestaties. Ouders die betrokken zijn, kunnen hun kinderen helpen met huiswerk, zorgen voor een stimulerende leeromgeving thuis en hoge verwachtingen stellen voor hun academische prestaties. Dit kan leiden tot betere cijfers, hogere testscores en een grotere kans op het voltooien van het voortgezet onderwijs. Ten tweede kan ouderbetrokkenheid bijdragen aan de ontwikkeling van positieve attitudes en gedragingen. Kinderen wiens ouders betrokken zijn, hebben meer kans om positieve attitudes ten opzichte van school te ontwikkelen, regelmatig naar school te gaan en verantwoordelijk gedrag te vertonen. Ten derde kan ouderbetrokkenheid kinderen helpen succesvol te zijn in hun latere leven. Onderzoek toont aan dat de betrokkenheid van ouders bij het onderwijs van hun kinderen kan leiden tot betere sociale vaardigheden, een groter gevoel van persoonlijke competentie en ambitie, en een grotere kans op het nastreven van hoger onderwijs. Kortom, ouderbetrokkenheid is een krachtig hulpmiddel dat kan bijdragen aan het schoolsucces en het levenssucces van kinderen. Het is een investering die loont in de vorm van het levenslange succes van een kind.\"><div class=\"ac-container ac-adaptiveCard has-image\"><div class=\"ac-textBlock\"><p>Hierbij brengen we bovenbouw leerlingen als coach en rolmodel in contact met onderbouwleerlingen. Deze bieden onder begeleiding van een co\u00f6rdinator hulp bij het huiswerk maken en spelen een rol bij het sociaal emotioneel ontwikkelen. We maken tevens gebruik van de positieve invloeden van groepsprocessen. Laat via contact weten als u ge\u00efnteresseerd bent in dit project.\u00a0<\/p><\/div><\/div><\/div>\t\t\t\t\t\t\t\t<\/div>\n\t\t\t\t<\/div>\n\t\t\t\t<\/div>\n\t\t<div class=\"elementor-element elementor-element-0b83f80 e-con-full e-flex e-con e-child\" data-id=\"0b83f80\" data-element_type=\"container\" data-e-type=\"container\">\n\t\t\t\t<div class=\"elementor-element elementor-element-a822f85 elementor-widget elementor-widget-image\" data-id=\"a822f85\" data-element_type=\"widget\" data-e-type=\"widget\" data-widget_type=\"image.default\">\n\t\t\t\t<div class=\"elementor-widget-container\">\n\t\t\t\t\t\t\t\t\t\t\t\t\t\t\t<img decoding=\"async\" width=\"1024\" height=\"1024\" src=\"https:\/\/navigatingmethode.nl\/wp-content\/uploads\/2024\/08\/Onderdelen_Huiswerkbegeleiding.jpeg\" class=\"elementor-animation-bob attachment-full size-full wp-image-4316\" alt=\"\" srcset=\"https:\/\/navigatingmethode.nl\/wp-content\/uploads\/2024\/08\/Onderdelen_Huiswerkbegeleiding.jpeg 1024w, https:\/\/navigatingmethode.nl\/wp-content\/uploads\/2024\/08\/Onderdelen_Huiswerkbegeleiding-300x300.jpeg 300w, https:\/\/navigatingmethode.nl\/wp-content\/uploads\/2024\/08\/Onderdelen_Huiswerkbegeleiding-150x150.jpeg 150w, https:\/\/navigatingmethode.nl\/wp-content\/uploads\/2024\/08\/Onderdelen_Huiswerkbegeleiding-768x768.jpeg 768w\" sizes=\"(max-width: 1024px) 100vw, 1024px\" \/>\t\t\t\t\t\t\t\t\t\t\t\t\t\t\t<\/div>\n\t\t\t\t<\/div>\n\t\t\t\t<\/div>\n\t\t\t\t\t<\/div>\n\t\t\t\t<\/div>\n\t\t<div class=\"elementor-element elementor-element-a3c1508 e-flex e-con-boxed e-con e-parent\" data-id=\"a3c1508\" data-element_type=\"container\" data-e-type=\"container\">\n\t\t\t\t\t<div class=\"e-con-inner\">\n\t\t<div class=\"elementor-element elementor-element-07b9bb4 e-con-full e-flex e-con e-child\" data-id=\"07b9bb4\" data-element_type=\"container\" data-e-type=\"container\">\n\t\t<div class=\"elementor-element elementor-element-61686d8 e-con-full e-flex e-con e-child\" data-id=\"61686d8\" data-element_type=\"container\" data-e-type=\"container\">\n\t\t\t\t<div class=\"elementor-element elementor-element-cd7de55 elementor-widget elementor-widget-menu-anchor\" data-id=\"cd7de55\" data-element_type=\"widget\" data-e-type=\"widget\" data-widget_type=\"menu-anchor.default\">\n\t\t\t\t<div class=\"elementor-widget-container\">\n\t\t\t\t\t\t\t<div class=\"elementor-menu-anchor\" id=\"huiswerkbegeleiding\"><\/div>\n\t\t\t\t\t\t<\/div>\n\t\t\t\t<\/div>\n\t\t\t\t<div class=\"elementor-element elementor-element-5cb48fe elementor-widget elementor-widget-image\" data-id=\"5cb48fe\" data-element_type=\"widget\" data-e-type=\"widget\" data-widget_type=\"image.default\">\n\t\t\t\t<div class=\"elementor-widget-container\">\n\t\t\t\t\t\t\t\t\t\t\t\t\t\t\t<img decoding=\"async\" width=\"1024\" height=\"1024\" src=\"https:\/\/navigatingmethode.nl\/wp-content\/uploads\/2024\/08\/Onderdelen_Cursussen-op-maat.jpeg\" class=\"elementor-animation-bob attachment-full size-full wp-image-4330\" alt=\"\" srcset=\"https:\/\/navigatingmethode.nl\/wp-content\/uploads\/2024\/08\/Onderdelen_Cursussen-op-maat.jpeg 1024w, https:\/\/navigatingmethode.nl\/wp-content\/uploads\/2024\/08\/Onderdelen_Cursussen-op-maat-300x300.jpeg 300w, https:\/\/navigatingmethode.nl\/wp-content\/uploads\/2024\/08\/Onderdelen_Cursussen-op-maat-150x150.jpeg 150w, https:\/\/navigatingmethode.nl\/wp-content\/uploads\/2024\/08\/Onderdelen_Cursussen-op-maat-768x768.jpeg 768w\" sizes=\"(max-width: 1024px) 100vw, 1024px\" \/>\t\t\t\t\t\t\t\t\t\t\t\t\t\t\t<\/div>\n\t\t\t\t<\/div>\n\t\t\t\t<\/div>\n\t\t<div class=\"elementor-element elementor-element-08b7f33 e-flex e-con-boxed e-con e-child\" data-id=\"08b7f33\" data-element_type=\"container\" data-e-type=\"container\">\n\t\t\t\t\t<div class=\"e-con-inner\">\n\t\t\t\t<div class=\"elementor-element elementor-element-316adcc elementor-widget elementor-widget-heading\" data-id=\"316adcc\" data-element_type=\"widget\" data-e-type=\"widget\" data-widget_type=\"heading.default\">\n\t\t\t\t<div class=\"elementor-widget-container\">\n\t\t\t\t\t<h2 class=\"elementor-heading-title elementor-size-default\"><h2>Klassenmanagement<span><\/span><\/h2><\/h2>\t\t\t\t<\/div>\n\t\t\t\t<\/div>\n\t\t\t\t<div class=\"elementor-element elementor-element-936fb55 elementor-widget__width-initial elementor-widget elementor-widget-text-editor\" data-id=\"936fb55\" data-element_type=\"widget\" data-e-type=\"widget\" data-widget_type=\"text-editor.default\">\n\t\t\t\t<div class=\"elementor-widget-container\">\n\t\t\t\t\t\t\t\t\t<p>Naast dat het uitmaakt wie voor de klas staat, welke persoonlijkheden de leerlingen hebben en de interactie tussen subgroepen in de klas speelt de kennis en ervaring van de docent ook een belangrijke rol bij het omgaan met de diversiteit in de klas.\u00a0<\/p><p>Wij bieden in \u00e9\u00e9n op \u00e9\u00e9n of kleine groepsvorm coaching aan waarin we je leren om meer grip te hebben op de groep.\u00a0<\/p><p>Laat via contact ons weten als je het wilt hebben over de mogelijkheden!<\/p>\t\t\t\t\t\t\t\t<\/div>\n\t\t\t\t<\/div>\n\t\t\t\t\t<\/div>\n\t\t\t\t<\/div>\n\t\t\t\t<\/div>\n\t\t\t\t\t<\/div>\n\t\t\t\t<\/div>\n\t\t<div class=\"elementor-element elementor-element-ccccf73 e-flex e-con-boxed e-con e-parent\" data-id=\"ccccf73\" data-element_type=\"container\" data-e-type=\"container\" data-settings=\"{&quot;background_background&quot;:&quot;classic&quot;,&quot;shape_divider_top&quot;:&quot;opacity-tilt&quot;,&quot;shape_divider_bottom&quot;:&quot;opacity-tilt&quot;}\">\n\t\t\t\t\t<div class=\"e-con-inner\">\n\t\t\t\t<div class=\"elementor-shape elementor-shape-top\" aria-hidden=\"true\" data-negative=\"false\">\n\t\t\t<svg xmlns=\"http:\/\/www.w3.org\/2000\/svg\" viewBox=\"0 0 2600 131.1\" preserveAspectRatio=\"none\">\n\t<path class=\"elementor-shape-fill\" d=\"M0 0L2600 0 2600 69.1 0 0z\"\/>\n\t<path class=\"elementor-shape-fill\" style=\"opacity:0.5\" d=\"M0 0L2600 0 2600 69.1 0 69.1z\"\/>\n\t<path class=\"elementor-shape-fill\" style=\"opacity:0.25\" d=\"M2600 0L0 0 0 130.1 2600 69.1z\"\/>\n<\/svg>\t\t<\/div>\n\t\t\t\t<div class=\"elementor-shape elementor-shape-bottom\" aria-hidden=\"true\" data-negative=\"false\">\n\t\t\t<svg xmlns=\"http:\/\/www.w3.org\/2000\/svg\" viewBox=\"0 0 2600 131.1\" preserveAspectRatio=\"none\">\n\t<path class=\"elementor-shape-fill\" d=\"M0 0L2600 0 2600 69.1 0 0z\"\/>\n\t<path class=\"elementor-shape-fill\" style=\"opacity:0.5\" d=\"M0 0L2600 0 2600 69.1 0 69.1z\"\/>\n\t<path class=\"elementor-shape-fill\" style=\"opacity:0.25\" d=\"M2600 0L0 0 0 130.1 2600 69.1z\"\/>\n<\/svg>\t\t<\/div>\n\t\t<div class=\"elementor-element elementor-element-f43073b e-con-full e-flex e-con e-child\" data-id=\"f43073b\" data-element_type=\"container\" data-e-type=\"container\">\n\t\t\t\t<div class=\"elementor-element elementor-element-c9a763e elementor-widget elementor-widget-heading\" data-id=\"c9a763e\" data-element_type=\"widget\" data-e-type=\"widget\" data-widget_type=\"heading.default\">\n\t\t\t\t<div class=\"elementor-widget-container\">\n\t\t\t\t\t<h2 class=\"elementor-heading-title elementor-size-default\">Cursus \/ training:<\/h2>\t\t\t\t<\/div>\n\t\t\t\t<\/div>\n\t\t\t\t<div class=\"elementor-element elementor-element-ce291de elementor-widget elementor-widget-text-editor\" data-id=\"ce291de\" data-element_type=\"widget\" data-e-type=\"widget\" data-widget_type=\"text-editor.default\">\n\t\t\t\t<div class=\"elementor-widget-container\">\n\t\t\t\t\t\t\t\t\t<div class=\"content user-select-text\" tabindex=\"0\" role=\"heading\" aria-level=\"6\" aria-description=\"\" aria-label=\"Verzonden door Copilot: Natuurlijk, hier is een korte tekst over de positieve invloed van ouderbetrokkenheid op het schoolsucces en het succes in het leven van hun kinderen: Ouderbetrokkenheid speelt een cruciale rol in de academische en levenslange prestaties van kinderen. Wanneer ouders actief betrokken zijn bij het onderwijs van hun kinderen, kunnen ze een positieve en blijvende impact hebben. Ten eerste kan ouderbetrokkenheid leiden tot betere schoolprestaties. Ouders die betrokken zijn, kunnen hun kinderen helpen met huiswerk, zorgen voor een stimulerende leeromgeving thuis en hoge verwachtingen stellen voor hun academische prestaties. Dit kan leiden tot betere cijfers, hogere testscores en een grotere kans op het voltooien van het voortgezet onderwijs. Ten tweede kan ouderbetrokkenheid bijdragen aan de ontwikkeling van positieve attitudes en gedragingen. Kinderen wiens ouders betrokken zijn, hebben meer kans om positieve attitudes ten opzichte van school te ontwikkelen, regelmatig naar school te gaan en verantwoordelijk gedrag te vertonen. Ten derde kan ouderbetrokkenheid kinderen helpen succesvol te zijn in hun latere leven. Onderzoek toont aan dat de betrokkenheid van ouders bij het onderwijs van hun kinderen kan leiden tot betere sociale vaardigheden, een groter gevoel van persoonlijke competentie en ambitie, en een grotere kans op het nastreven van hoger onderwijs. Kortom, ouderbetrokkenheid is een krachtig hulpmiddel dat kan bijdragen aan het schoolsucces en het levenssucces van kinderen. Het is een investering die loont in de vorm van het levenslange succes van een kind.\"><div class=\"ac-container ac-adaptiveCard has-image\"><div class=\"ac-textBlock\"><p>Heeft u interesse in een cursus \/ training \/ workshop over klassenmanagement, kwaliteit relatie tussen leerling en docent, omgaan met multiculturele klas of een ander onderwerp dat verwantschap heeft rondom de interactie met leerlingen of persoonlijkheidsontwikkeling van leerlingen? Laat dan via contact ons weten het wilt hebben over de mogelijkheden.\u00a0<\/p><\/div><\/div><\/div>\t\t\t\t\t\t\t\t<\/div>\n\t\t\t\t<\/div>\n\t\t\t\t<\/div>\n\t\t<div class=\"elementor-element elementor-element-3d9b4a7 e-con-full e-flex e-con e-child\" data-id=\"3d9b4a7\" data-element_type=\"container\" data-e-type=\"container\">\n\t\t\t\t<div class=\"elementor-element elementor-element-b117b28 elementor-widget elementor-widget-image\" data-id=\"b117b28\" data-element_type=\"widget\" data-e-type=\"widget\" data-widget_type=\"image.default\">\n\t\t\t\t<div class=\"elementor-widget-container\">\n\t\t\t\t\t\t\t\t\t\t\t\t\t\t\t<img loading=\"lazy\" decoding=\"async\" width=\"351\" height=\"351\" src=\"https:\/\/navigatingmethode.nl\/wp-content\/uploads\/2024\/08\/Home_onderdelen_gastlessen-2.jpeg\" class=\"elementor-animation-bob attachment-full size-full wp-image-4321\" alt=\"\" srcset=\"https:\/\/navigatingmethode.nl\/wp-content\/uploads\/2024\/08\/Home_onderdelen_gastlessen-2.jpeg 351w, https:\/\/navigatingmethode.nl\/wp-content\/uploads\/2024\/08\/Home_onderdelen_gastlessen-2-300x300.jpeg 300w, https:\/\/navigatingmethode.nl\/wp-content\/uploads\/2024\/08\/Home_onderdelen_gastlessen-2-150x150.jpeg 150w\" sizes=\"(max-width: 351px) 100vw, 351px\" \/>\t\t\t\t\t\t\t\t\t\t\t\t\t\t\t<\/div>\n\t\t\t\t<\/div>\n\t\t\t\t<\/div>\n\t\t\t\t\t<\/div>\n\t\t\t\t<\/div>\n\t\t<div class=\"elementor-element elementor-element-9299caa e-flex e-con-boxed e-con e-parent\" data-id=\"9299caa\" data-element_type=\"container\" data-e-type=\"container\">\n\t\t\t\t\t<div class=\"e-con-inner\">\n\t\t<div class=\"elementor-element elementor-element-9de107e e-con-full e-flex e-con e-child\" data-id=\"9de107e\" data-element_type=\"container\" data-e-type=\"container\">\n\t\t<div class=\"elementor-element elementor-element-4007769 e-con-full e-flex e-con e-child\" data-id=\"4007769\" data-element_type=\"container\" data-e-type=\"container\">\n\t\t\t\t<div class=\"elementor-element elementor-element-936f9c9 elementor-widget elementor-widget-menu-anchor\" data-id=\"936f9c9\" data-element_type=\"widget\" data-e-type=\"widget\" data-widget_type=\"menu-anchor.default\">\n\t\t\t\t<div class=\"elementor-widget-container\">\n\t\t\t\t\t\t\t<div class=\"elementor-menu-anchor\" id=\"huiswerkbegeleiding\"><\/div>\n\t\t\t\t\t\t<\/div>\n\t\t\t\t<\/div>\n\t\t\t\t<\/div>\n\t\t<div class=\"elementor-element elementor-element-44e965b e-flex e-con-boxed e-con e-child\" data-id=\"44e965b\" data-element_type=\"container\" data-e-type=\"container\">\n\t\t\t\t\t<div class=\"e-con-inner\">\n\t\t\t\t<div class=\"elementor-element elementor-element-cff77f8 elementor-widget elementor-widget-heading\" data-id=\"cff77f8\" data-element_type=\"widget\" data-e-type=\"widget\" data-widget_type=\"heading.default\">\n\t\t\t\t<div class=\"elementor-widget-container\">\n\t\t\t\t\t<h2 class=\"elementor-heading-title elementor-size-default\">Wetenschappelijk onderzoek..<\/h2>\t\t\t\t<\/div>\n\t\t\t\t<\/div>\n\t\t\t\t<div class=\"elementor-element elementor-element-43ee0b9 elementor-widget__width-initial elementor-widget elementor-widget-text-editor\" data-id=\"43ee0b9\" data-element_type=\"widget\" data-e-type=\"widget\" data-widget_type=\"text-editor.default\">\n\t\t\t\t<div class=\"elementor-widget-container\">\n\t\t\t\t\t\t\t\t\t<p>Onderzoek heeft aangetoond dat jongeren rond de puberteit op zoek gaan naar hun identiteit en daardoor gevoeliger worden voor de invloeden van de omgeving en anderen. Helaas kan dit leiden tot verkeerde keuzes en gedragingen die schadelijk zijn voor zichzelf en de samenleving. Jongeren die geen ondersteuning krijgen, haken vaker af en lopen een grotere kans om in het criminele circuit te belanden (Van der Pol, 2019). De sociaal-maatschappelijke schade die hierdoor ontstaat, is aanzienlijk en heeft een grote impact op de samenleving (CBS, 2024).<\/p><p>Volgens het Centraal Bureau voor de Statistiek (CBS, 2024) kost schooluitval de samenleving jaarlijks miljoenen euro&#8217;s door verlies aan productiviteit en verhoogde sociale uitkeringen. Daarnaast blijkt uit onderzoek dat crimineel gedrag onder jongeren leidt tot hogere kosten voor het rechtssysteem en negatieve sociale gevolgen (Van der Pol, 2019). Het is overduidelijk dat jongeren ondersteuning nodig hebben, anders zijn er voor hen onwenselijke consequenties verbonden.<\/p><p>Daarentegen heeft een studie van de Universiteit Leiden aangetoond dat leerlingen die deelnemen aan gastlessen over verantwoordelijk burgerschap een aanzienlijke verbetering laten zien in hun zelfvertrouwen en zelfbeeld (De Jong, 2020). Deze gastlessen dragen ook bij aan een betere schoolomgeving en vergroten de betrokkenheid van leerlingen bij gemeenschapsvormende activiteiten.<\/p><p>Onze aanpak bij Navigating is daarom gericht op het bieden van de juiste ondersteuning en begeleiding aan jongeren. Door thema\u2019s waar jongeren behoefte aan hebben te behandelen en het integreren van wetenschappelijk onderbouwde methoden zoals de leercirkel van Kolb streven we ernaar jongeren te helpen hun volledige potentieel te benutten.<\/p><p>Uit enqu\u00eates blijkt dat onze gastlessen niet alleen als zeer leerzaam worden ervaren, maar ook dat ze jongeren daadwerkelijk helpen betere keuzes te maken en een positief zelfbeeld te ontwikkelen. We blijven onze methoden continu verbeteren op basis van feedback en nieuwe wetenschappelijke inzichten om de best mogelijke ondersteuning te bieden aan onze leerlingen.<\/p>\t\t\t\t\t\t\t\t<\/div>\n\t\t\t\t<\/div>\n\t\t\t\t\t<\/div>\n\t\t\t\t<\/div>\n\t\t\t\t<\/div>\n\t\t\t\t\t<\/div>\n\t\t\t\t<\/div>\n\t\t<div class=\"elementor-element elementor-element-a0dfc25 e-grid e-con-boxed e-con e-parent\" data-id=\"a0dfc25\" data-element_type=\"container\" data-e-type=\"container\">\n\t\t\t\t\t<div class=\"e-con-inner\">\n\t\t\t\t\t<\/div>\n\t\t\t\t<\/div>\n\t\t\t\t<\/div>\n\t\t","protected":false},"excerpt":{"rendered":"<p>wat voor iemand wil je worden? Navigating your life! Onze gastlessen &#8216;Navigating youre life&#8217; zijn gebaseerd op wetenschappelijke inzichten en spelen erg goed in op de ontwikkelbehoefte van jongeren rond de pubertijd. We maken ze wegwijs in het positief leren kijken naar het zelf, zelfverzekerd aangaan van contacten, bewust omgaan met persoonlijkheidsvorming, omgaan met risicovol [&hellip;]<\/p>\n","protected":false},"author":2,"featured_media":0,"parent":0,"menu_order":0,"comment_status":"closed","ping_status":"closed","template":"","meta":{"footnotes":""},"class_list":["post-1643","page","type-page","status-publish","hentry"],"_links":{"self":[{"href":"https:\/\/navigatingmethode.nl\/index.php\/wp-json\/wp\/v2\/pages\/1643","targetHints":{"allow":["GET"]}}],"collection":[{"href":"https:\/\/navigatingmethode.nl\/index.php\/wp-json\/wp\/v2\/pages"}],"about":[{"href":"https:\/\/navigatingmethode.nl\/index.php\/wp-json\/wp\/v2\/types\/page"}],"author":[{"embeddable":true,"href":"https:\/\/navigatingmethode.nl\/index.php\/wp-json\/wp\/v2\/users\/2"}],"replies":[{"embeddable":true,"href":"https:\/\/navigatingmethode.nl\/index.php\/wp-json\/wp\/v2\/comments?post=1643"}],"version-history":[{"count":821,"href":"https:\/\/navigatingmethode.nl\/index.php\/wp-json\/wp\/v2\/pages\/1643\/revisions"}],"predecessor-version":[{"id":5492,"href":"https:\/\/navigatingmethode.nl\/index.php\/wp-json\/wp\/v2\/pages\/1643\/revisions\/5492"}],"wp:attachment":[{"href":"https:\/\/navigatingmethode.nl\/index.php\/wp-json\/wp\/v2\/media?parent=1643"}],"curies":[{"name":"wp","href":"https:\/\/api.w.org\/{rel}","templated":true}]}}